{"id":15,"date":"2022-11-24T22:18:59","date_gmt":"2022-11-24T21:18:59","guid":{"rendered":"https:\/\/xavierournac.com\/?page_id=15"},"modified":"2022-12-20T15:01:45","modified_gmt":"2022-12-20T14:01:45","slug":"fiction","status":"publish","type":"page","link":"https:\/\/xavierournac.com\/index.php\/films\/fiction\/","title":{"rendered":"Fiction"},"content":{"rendered":"<div class=\"fusion-fullwidth fullwidth-box fusion-builder-row-1 fusion-flex-container has-pattern-background has-mask-background nonhundred-percent-fullwidth non-hundred-percent-height-scrolling\" style=\"--awb-border-radius-top-left:0px;--awb-border-radius-top-right:0px;--awb-border-radius-bottom-right:0px;--awb-border-radius-bottom-left:0px;--awb-padding-right:5%;--awb-padding-left:5%;--awb-flex-wrap:wrap;\" ><div class=\"fusion-builder-row fusion-row fusion-flex-align-items-center fusion-flex-justify-content-center fusion-flex-content-wrap\" style=\"max-width:1248px;margin-left: calc(-4% \/ 2 );margin-right: calc(-4% \/ 2 );\"><div class=\"fusion-layout-column fusion_builder_column fusion-builder-column-0 fusion_builder_column_1_1 1_1 fusion-flex-column\" style=\"--awb-bg-size:cover;--awb-width-large:100%;--awb-margin-top-large:0px;--awb-spacing-right-large:1.92%;--awb-margin-bottom-large:20px;--awb-spacing-left-large:1.92%;--awb-width-medium:100%;--awb-order-medium:0;--awb-spacing-right-medium:1.92%;--awb-spacing-left-medium:1.92%;--awb-width-small:100%;--awb-order-small:0;--awb-spacing-right-small:1.92%;--awb-spacing-left-small:1.92%;\"><div class=\"fusion-column-wrapper fusion-column-has-shadow fusion-flex-justify-content-flex-start fusion-content-layout-column\"><div class=\"fusion-recent-works fusion-portfolio-element fusion-portfolio fusion-portfolio-1 fusion-portfolio-grid fusion-portfolio-paging-pagination fusion-portfolio-three fusion-portfolio-no_text fusion-portfolio-rollover\" data-id=\"-rw-1\" data-columns=\"three\"><style type=\"text\/css\">.fusion-portfolio-1 .fusion-portfolio-wrapper .fusion-col-spacing{padding:15px;}<\/style><div class=\"fusion-portfolio-wrapper\" id=\"fusion-portfolio-1\" data-picturesize=\"auto\" data-pages=\"1\" style=\"margin:-15px;\"><article id=\"portfolio-1-post-88\" class=\"fusion-portfolio-post fiction fusion-col-spacing post-88\"><div class=\"fusion-portfolio-content-wrapper\" style=\"border:none;\"><span class=\"entry-title rich-snippet-hidden\">Apr\u00e8s l&rsquo;aube<\/span><span class=\"vcard rich-snippet-hidden\"><span class=\"fn\"><a href=\"https:\/\/xavierournac.com\/index.php\/author\/admin2789\/\" title=\"Articles par admin2789\" rel=\"author\">admin2789<\/a><\/span><\/span><span class=\"updated rich-snippet-hidden\">2022-12-11T21:50:10+01:00<\/span><div  class=\"fusion-image-wrapper\" aria-haspopup=\"true\">\n\t\t\t\t<img decoding=\"async\" width=\"1000\" height=\"1415\" src=\"https:\/\/xavierournac.com\/wp-content\/uploads\/2022\/12\/apres-laube.jpg\" class=\"attachment-full size-full wp-post-image\" alt=\"\" srcset=\"https:\/\/xavierournac.com\/wp-content\/uploads\/2022\/12\/apres-laube-200x283.jpg 200w, https:\/\/xavierournac.com\/wp-content\/uploads\/2022\/12\/apres-laube-400x566.jpg 400w, https:\/\/xavierournac.com\/wp-content\/uploads\/2022\/12\/apres-laube-600x849.jpg 600w, https:\/\/xavierournac.com\/wp-content\/uploads\/2022\/12\/apres-laube-800x1132.jpg 800w, https:\/\/xavierournac.com\/wp-content\/uploads\/2022\/12\/apres-laube.jpg 1000w\" sizes=\"(min-width: 2200px) 100vw, (min-width: 784px) 380px, (min-width: 712px) 570px, (min-width: 640px) 712px, \" \/><div class=\"fusion-rollover\">\n\t<div class=\"fusion-rollover-content\">\n\n\t\t\t\t\n\t\t\n\t\t\t\t\t\t\t\t\t\t\t\t<h4 class=\"fusion-rollover-title\">\n\t\t\t\t\t<a class=\"fusion-rollover-title-link\" href=\"https:\/\/xavierournac.com\/index.php\/portfolio-items\/apres-laube\/?portfolioCats=2\">\n\t\t\t\t\t\tApr\u00e8s l&rsquo;aube\t\t\t\t\t<\/a>\n\t\t\t\t<\/h4>\n\t\t\t\n\t\t\t\t\t\t\t\t\n\t\t\n\t\t\t\t\t\t<a class=\"fusion-link-wrapper\" href=\"https:\/\/xavierournac.com\/index.php\/portfolio-items\/apres-laube\/?portfolioCats=2\" aria-label=\"Apr\u00e8s l&rsquo;aube\"><\/a>\n\t<\/div>\n<\/div>\n<\/div>\n<\/div><\/article><article id=\"portfolio-1-post-93\" class=\"fusion-portfolio-post fiction fusion-col-spacing post-93\"><div class=\"fusion-portfolio-content-wrapper\" style=\"border:none;\"><span class=\"entry-title rich-snippet-hidden\">Demon<\/span><span class=\"vcard rich-snippet-hidden\"><span class=\"fn\"><a href=\"https:\/\/xavierournac.com\/index.php\/author\/admin2789\/\" title=\"Articles par admin2789\" rel=\"author\">admin2789<\/a><\/span><\/span><span class=\"updated rich-snippet-hidden\">2022-12-15T09:37:48+01:00<\/span><div  class=\"fusion-image-wrapper\" aria-haspopup=\"true\">\n\t\t\t\t<img decoding=\"async\" width=\"1000\" height=\"1414\" src=\"https:\/\/xavierournac.com\/wp-content\/uploads\/2022\/12\/demon.jpg\" class=\"attachment-full size-full wp-post-image\" alt=\"demon\" srcset=\"https:\/\/xavierournac.com\/wp-content\/uploads\/2022\/12\/demon-200x283.jpg 200w, https:\/\/xavierournac.com\/wp-content\/uploads\/2022\/12\/demon-400x566.jpg 400w, https:\/\/xavierournac.com\/wp-content\/uploads\/2022\/12\/demon-600x848.jpg 600w, https:\/\/xavierournac.com\/wp-content\/uploads\/2022\/12\/demon-800x1131.jpg 800w, https:\/\/xavierournac.com\/wp-content\/uploads\/2022\/12\/demon.jpg 1000w\" sizes=\"(min-width: 2200px) 100vw, (min-width: 784px) 380px, (min-width: 712px) 570px, (min-width: 640px) 712px, \" \/><div class=\"fusion-rollover\">\n\t<div class=\"fusion-rollover-content\">\n\n\t\t\t\t\n\t\t\n\t\t\t\t\t\t\t\t\t\t\t\t<h4 class=\"fusion-rollover-title\">\n\t\t\t\t\t<a class=\"fusion-rollover-title-link\" href=\"https:\/\/xavierournac.com\/index.php\/portfolio-items\/demon\/?portfolioCats=2\">\n\t\t\t\t\t\tDemon\t\t\t\t\t<\/a>\n\t\t\t\t<\/h4>\n\t\t\t\n\t\t\t\t\t\t\t\t\n\t\t\n\t\t\t\t\t\t<a class=\"fusion-link-wrapper\" href=\"https:\/\/xavierournac.com\/index.php\/portfolio-items\/demon\/?portfolioCats=2\" aria-label=\"Demon\"><\/a>\n\t<\/div>\n<\/div>\n<\/div>\n<\/div><\/article><article id=\"portfolio-1-post-121\" class=\"fusion-portfolio-post fiction fusion-col-spacing post-121\"><div class=\"fusion-portfolio-content-wrapper\" style=\"border:none;\"><span class=\"entry-title rich-snippet-hidden\">Alice et lucie<\/span><span class=\"vcard rich-snippet-hidden\"><span class=\"fn\"><a href=\"https:\/\/xavierournac.com\/index.php\/author\/admin2789\/\" title=\"Articles par admin2789\" rel=\"author\">admin2789<\/a><\/span><\/span><span class=\"updated rich-snippet-hidden\">2022-12-11T22:00:06+01:00<\/span><div  class=\"fusion-image-wrapper\" aria-haspopup=\"true\">\n\t\t\t\t<img decoding=\"async\" width=\"842\" height=\"1191\" src=\"https:\/\/xavierournac.com\/wp-content\/uploads\/2022\/12\/alice-lucie-1.jpg\" class=\"attachment-full size-full wp-post-image\" alt=\"alice et lucie\" srcset=\"https:\/\/xavierournac.com\/wp-content\/uploads\/2022\/12\/alice-lucie-1-200x283.jpg 200w, https:\/\/xavierournac.com\/wp-content\/uploads\/2022\/12\/alice-lucie-1-400x566.jpg 400w, https:\/\/xavierournac.com\/wp-content\/uploads\/2022\/12\/alice-lucie-1-600x849.jpg 600w, https:\/\/xavierournac.com\/wp-content\/uploads\/2022\/12\/alice-lucie-1-800x1132.jpg 800w, https:\/\/xavierournac.com\/wp-content\/uploads\/2022\/12\/alice-lucie-1.jpg 842w\" sizes=\"(min-width: 2200px) 100vw, (min-width: 784px) 380px, (min-width: 712px) 570px, (min-width: 640px) 712px, \" \/><div class=\"fusion-rollover\">\n\t<div class=\"fusion-rollover-content\">\n\n\t\t\t\t\n\t\t\n\t\t\t\t\t\t\t\t\t\t\t\t<h4 class=\"fusion-rollover-title\">\n\t\t\t\t\t<a class=\"fusion-rollover-title-link\" href=\"https:\/\/xavierournac.com\/index.php\/portfolio-items\/alice-et-lucie\/?portfolioCats=2\">\n\t\t\t\t\t\tAlice et lucie\t\t\t\t\t<\/a>\n\t\t\t\t<\/h4>\n\t\t\t\n\t\t\t\t\t\t\t\t\n\t\t\n\t\t\t\t\t\t<a class=\"fusion-link-wrapper\" href=\"https:\/\/xavierournac.com\/index.php\/portfolio-items\/alice-et-lucie\/?portfolioCats=2\" aria-label=\"Alice et lucie\"><\/a>\n\t<\/div>\n<\/div>\n<\/div>\n<\/div><\/article><\/div><\/div><\/div><\/div><\/div><\/div>\n","protected":false},"excerpt":{"rendered":"","protected":false},"author":1,"featured_media":48,"parent":9,"menu_order":0,"comment_status":"closed","ping_status":"closed","template":"100-width.php","meta":{"footnotes":""},"class_list":["post-15","page","type-page","status-publish","has-post-thumbnail","hentry"],"yoast_head":"<!-- This site is optimized with the Yoast SEO plugin v27.4 - https:\/\/yoast.com\/product\/yoast-seo-wordpress\/ -->\n<title>Fiction - Xavier Ournac - R\u00e9alisateur l Auteur<\/title>\n<meta name=\"description\" content=\"Fiction : sc\u00e9nariste, r\u00e9alisateur de fictions, court m\u00e9trage, s\u00e9rie, long m\u00e9trage.\" \/>\n<meta name=\"robots\" content=\"index, follow, max-snippet:-1, max-image-preview:large, max-video-preview:-1\" \/>\n<link rel=\"canonical\" href=\"https:\/\/xavierournac.com\/index.php\/films\/fiction\/\" \/>\n<meta property=\"og:locale\" content=\"fr_FR\" \/>\n<meta property=\"og:type\" content=\"article\" \/>\n<meta property=\"og:title\" content=\"Fiction - Xavier Ournac - R\u00e9alisateur l Auteur\" \/>\n<meta property=\"og:description\" content=\"Fiction : sc\u00e9nariste, r\u00e9alisateur de fictions, court m\u00e9trage, s\u00e9rie, long m\u00e9trage.\" \/>\n<meta property=\"og:url\" content=\"https:\/\/xavierournac.com\/index.php\/films\/fiction\/\" \/>\n<meta property=\"og:site_name\" content=\"Xavier Ournac\" \/>\n<meta property=\"article:modified_time\" content=\"2022-12-20T14:01:45+00:00\" \/>\n<meta property=\"og:image\" content=\"https:\/\/xavierournac.com\/wp-content\/uploads\/2022\/12\/apres-laube.jpg\" \/>\n\t<meta property=\"og:image:width\" content=\"1000\" \/>\n\t<meta property=\"og:image:height\" content=\"1415\" \/>\n\t<meta property=\"og:image:type\" content=\"image\/jpeg\" \/>\n<meta name=\"twitter:card\" content=\"summary_large_image\" \/>\n<meta name=\"twitter:label1\" content=\"Dur\u00e9e de lecture estim\u00e9e\" \/>\n\t<meta name=\"twitter:data1\" content=\"2 minutes\" \/>\n<script type=\"application\/ld+json\" class=\"yoast-schema-graph\">{\"@context\":\"https:\\\/\\\/schema.org\",\"@graph\":[{\"@type\":\"WebPage\",\"@id\":\"https:\\\/\\\/xavierournac.com\\\/index.php\\\/films\\\/fiction\\\/\",\"url\":\"https:\\\/\\\/xavierournac.com\\\/index.php\\\/films\\\/fiction\\\/\",\"name\":\"Fiction - Xavier Ournac - R\u00e9alisateur l Auteur\",\"isPartOf\":{\"@id\":\"https:\\\/\\\/xavierournac.com\\\/#website\"},\"primaryImageOfPage\":{\"@id\":\"https:\\\/\\\/xavierournac.com\\\/index.php\\\/films\\\/fiction\\\/#primaryimage\"},\"image\":{\"@id\":\"https:\\\/\\\/xavierournac.com\\\/index.php\\\/films\\\/fiction\\\/#primaryimage\"},\"thumbnailUrl\":\"https:\\\/\\\/xavierournac.com\\\/wp-content\\\/uploads\\\/2022\\\/12\\\/apres-laube.jpg\",\"datePublished\":\"2022-11-24T21:18:59+00:00\",\"dateModified\":\"2022-12-20T14:01:45+00:00\",\"description\":\"Fiction : sc\u00e9nariste, r\u00e9alisateur de fictions, court m\u00e9trage, s\u00e9rie, long m\u00e9trage.\",\"breadcrumb\":{\"@id\":\"https:\\\/\\\/xavierournac.com\\\/index.php\\\/films\\\/fiction\\\/#breadcrumb\"},\"inLanguage\":\"fr-FR\",\"potentialAction\":[{\"@type\":\"ReadAction\",\"target\":[\"https:\\\/\\\/xavierournac.com\\\/index.php\\\/films\\\/fiction\\\/\"]}]},{\"@type\":\"ImageObject\",\"inLanguage\":\"fr-FR\",\"@id\":\"https:\\\/\\\/xavierournac.com\\\/index.php\\\/films\\\/fiction\\\/#primaryimage\",\"url\":\"https:\\\/\\\/xavierournac.com\\\/wp-content\\\/uploads\\\/2022\\\/12\\\/apres-laube.jpg\",\"contentUrl\":\"https:\\\/\\\/xavierournac.com\\\/wp-content\\\/uploads\\\/2022\\\/12\\\/apres-laube.jpg\",\"width\":1000,\"height\":1415},{\"@type\":\"BreadcrumbList\",\"@id\":\"https:\\\/\\\/xavierournac.com\\\/index.php\\\/films\\\/fiction\\\/#breadcrumb\",\"itemListElement\":[{\"@type\":\"ListItem\",\"position\":1,\"name\":\"Accueil\",\"item\":\"https:\\\/\\\/xavierournac.com\\\/\"},{\"@type\":\"ListItem\",\"position\":2,\"name\":\"Films\",\"item\":\"https:\\\/\\\/xavierournac.com\\\/index.php\\\/films\\\/\"},{\"@type\":\"ListItem\",\"position\":3,\"name\":\"Fiction\"}]},{\"@type\":\"WebSite\",\"@id\":\"https:\\\/\\\/xavierournac.com\\\/#website\",\"url\":\"https:\\\/\\\/xavierournac.com\\\/\",\"name\":\"Xavier Ournac\",\"description\":\"R\u00e9alisateur  I  Auteur\",\"publisher\":{\"@id\":\"https:\\\/\\\/xavierournac.com\\\/#organization\"},\"potentialAction\":[{\"@type\":\"SearchAction\",\"target\":{\"@type\":\"EntryPoint\",\"urlTemplate\":\"https:\\\/\\\/xavierournac.com\\\/?s={search_term_string}\"},\"query-input\":{\"@type\":\"PropertyValueSpecification\",\"valueRequired\":true,\"valueName\":\"search_term_string\"}}],\"inLanguage\":\"fr-FR\"},{\"@type\":\"Organization\",\"@id\":\"https:\\\/\\\/xavierournac.com\\\/#organization\",\"name\":\"Xavier Ournac\",\"url\":\"https:\\\/\\\/xavierournac.com\\\/\",\"logo\":{\"@type\":\"ImageObject\",\"inLanguage\":\"fr-FR\",\"@id\":\"https:\\\/\\\/xavierournac.com\\\/#\\\/schema\\\/logo\\\/image\\\/\",\"url\":\"https:\\\/\\\/xavierournac.com\\\/wp-content\\\/uploads\\\/2022\\\/12\\\/logo-xavier-ournac-1.png\",\"contentUrl\":\"https:\\\/\\\/xavierournac.com\\\/wp-content\\\/uploads\\\/2022\\\/12\\\/logo-xavier-ournac-1.png\",\"width\":709,\"height\":180,\"caption\":\"Xavier Ournac\"},\"image\":{\"@id\":\"https:\\\/\\\/xavierournac.com\\\/#\\\/schema\\\/logo\\\/image\\\/\"},\"sameAs\":[\"https:\\\/\\\/www.instagram.com\\\/xavierournac\\\/\"]}]}<\/script>\n<!-- \/ Yoast SEO plugin. -->","yoast_head_json":{"title":"Fiction - Xavier Ournac - R\u00e9alisateur l Auteur","description":"Fiction : sc\u00e9nariste, r\u00e9alisateur de fictions, court m\u00e9trage, s\u00e9rie, long m\u00e9trage.","robots":{"index":"index","follow":"follow","max-snippet":"max-snippet:-1","max-image-preview":"max-image-preview:large","max-video-preview":"max-video-preview:-1"},"canonical":"https:\/\/xavierournac.com\/index.php\/films\/fiction\/","og_locale":"fr_FR","og_type":"article","og_title":"Fiction - Xavier Ournac - R\u00e9alisateur l Auteur","og_description":"Fiction : sc\u00e9nariste, r\u00e9alisateur de fictions, court m\u00e9trage, s\u00e9rie, long m\u00e9trage.","og_url":"https:\/\/xavierournac.com\/index.php\/films\/fiction\/","og_site_name":"Xavier Ournac","article_modified_time":"2022-12-20T14:01:45+00:00","og_image":[{"width":1000,"height":1415,"url":"https:\/\/xavierournac.com\/wp-content\/uploads\/2022\/12\/apres-laube.jpg","type":"image\/jpeg"}],"twitter_card":"summary_large_image","twitter_misc":{"Dur\u00e9e de lecture estim\u00e9e":"2 minutes"},"schema":{"@context":"https:\/\/schema.org","@graph":[{"@type":"WebPage","@id":"https:\/\/xavierournac.com\/index.php\/films\/fiction\/","url":"https:\/\/xavierournac.com\/index.php\/films\/fiction\/","name":"Fiction - Xavier Ournac - R\u00e9alisateur l Auteur","isPartOf":{"@id":"https:\/\/xavierournac.com\/#website"},"primaryImageOfPage":{"@id":"https:\/\/xavierournac.com\/index.php\/films\/fiction\/#primaryimage"},"image":{"@id":"https:\/\/xavierournac.com\/index.php\/films\/fiction\/#primaryimage"},"thumbnailUrl":"https:\/\/xavierournac.com\/wp-content\/uploads\/2022\/12\/apres-laube.jpg","datePublished":"2022-11-24T21:18:59+00:00","dateModified":"2022-12-20T14:01:45+00:00","description":"Fiction : sc\u00e9nariste, r\u00e9alisateur de fictions, court m\u00e9trage, s\u00e9rie, long m\u00e9trage.","breadcrumb":{"@id":"https:\/\/xavierournac.com\/index.php\/films\/fiction\/#breadcrumb"},"inLanguage":"fr-FR","potentialAction":[{"@type":"ReadAction","target":["https:\/\/xavierournac.com\/index.php\/films\/fiction\/"]}]},{"@type":"ImageObject","inLanguage":"fr-FR","@id":"https:\/\/xavierournac.com\/index.php\/films\/fiction\/#primaryimage","url":"https:\/\/xavierournac.com\/wp-content\/uploads\/2022\/12\/apres-laube.jpg","contentUrl":"https:\/\/xavierournac.com\/wp-content\/uploads\/2022\/12\/apres-laube.jpg","width":1000,"height":1415},{"@type":"BreadcrumbList","@id":"https:\/\/xavierournac.com\/index.php\/films\/fiction\/#breadcrumb","itemListElement":[{"@type":"ListItem","position":1,"name":"Accueil","item":"https:\/\/xavierournac.com\/"},{"@type":"ListItem","position":2,"name":"Films","item":"https:\/\/xavierournac.com\/index.php\/films\/"},{"@type":"ListItem","position":3,"name":"Fiction"}]},{"@type":"WebSite","@id":"https:\/\/xavierournac.com\/#website","url":"https:\/\/xavierournac.com\/","name":"Xavier Ournac","description":"R\u00e9alisateur  I  Auteur","publisher":{"@id":"https:\/\/xavierournac.com\/#organization"},"potentialAction":[{"@type":"SearchAction","target":{"@type":"EntryPoint","urlTemplate":"https:\/\/xavierournac.com\/?s={search_term_string}"},"query-input":{"@type":"PropertyValueSpecification","valueRequired":true,"valueName":"search_term_string"}}],"inLanguage":"fr-FR"},{"@type":"Organization","@id":"https:\/\/xavierournac.com\/#organization","name":"Xavier Ournac","url":"https:\/\/xavierournac.com\/","logo":{"@type":"ImageObject","inLanguage":"fr-FR","@id":"https:\/\/xavierournac.com\/#\/schema\/logo\/image\/","url":"https:\/\/xavierournac.com\/wp-content\/uploads\/2022\/12\/logo-xavier-ournac-1.png","contentUrl":"https:\/\/xavierournac.com\/wp-content\/uploads\/2022\/12\/logo-xavier-ournac-1.png","width":709,"height":180,"caption":"Xavier Ournac"},"image":{"@id":"https:\/\/xavierournac.com\/#\/schema\/logo\/image\/"},"sameAs":["https:\/\/www.instagram.com\/xavierournac\/"]}]}},"_links":{"self":[{"href":"https:\/\/xavierournac.com\/index.php\/wp-json\/wp\/v2\/pages\/15","targetHints":{"allow":["GET"]}}],"collection":[{"href":"https:\/\/xavierournac.com\/index.php\/wp-json\/wp\/v2\/pages"}],"about":[{"href":"https:\/\/xavierournac.com\/index.php\/wp-json\/wp\/v2\/types\/page"}],"author":[{"embeddable":true,"href":"https:\/\/xavierournac.com\/index.php\/wp-json\/wp\/v2\/users\/1"}],"replies":[{"embeddable":true,"href":"https:\/\/xavierournac.com\/index.php\/wp-json\/wp\/v2\/comments?post=15"}],"version-history":[{"count":13,"href":"https:\/\/xavierournac.com\/index.php\/wp-json\/wp\/v2\/pages\/15\/revisions"}],"predecessor-version":[{"id":353,"href":"https:\/\/xavierournac.com\/index.php\/wp-json\/wp\/v2\/pages\/15\/revisions\/353"}],"up":[{"embeddable":true,"href":"https:\/\/xavierournac.com\/index.php\/wp-json\/wp\/v2\/pages\/9"}],"wp:featuredmedia":[{"embeddable":true,"href":"https:\/\/xavierournac.com\/index.php\/wp-json\/wp\/v2\/media\/48"}],"wp:attachment":[{"href":"https:\/\/xavierournac.com\/index.php\/wp-json\/wp\/v2\/media?parent=15"}],"curies":[{"name":"wp","href":"https:\/\/api.w.org\/{rel}","templated":true}]}}